{"id":89,"date":"2023-11-28T13:19:55","date_gmt":"2023-11-28T12:19:55","guid":{"rendered":"https:\/\/violettedebaille.be\/?page_id=89"},"modified":"2026-01-01T13:21:20","modified_gmt":"2026-01-01T12:21:20","slug":"page-dacceuil","status":"publish","type":"page","link":"https:\/\/violettedebaille.be\/","title":{"rendered":"Violette Debaille"},"content":{"rendered":"<div id=\"pl-89\"  class=\"panel-layout\" ><div id=\"pg-89-0\"  class=\"panel-grid panel-no-style\" ><div id=\"pgc-89-0-0\"  class=\"panel-grid-cell\" ><div id=\"panel-89-0-0-0\" class=\"so-panel widget widget_sow-editor panel-first-child panel-last-child\" data-index=\"0\" ><div\n\t\t\t\n\t\t\tclass=\"so-widget-sow-editor so-widget-sow-editor-base\"\n\t\t\t\n\t\t>\n<div class=\"siteorigin-widget-tinymce textwidget\">\n\t<h1 style=\"text-align: center;\">M\u00e9decine g\u00e9n\u00e9rale en Brabant wallon<\/h1>\n<div id=\"ConnectiveDocSignExtentionInstalled\" data-extension-version=\"1.0.4\"><\/div>\n<\/div>\n<\/div><\/div><\/div><\/div><div id=\"pg-89-1\"  class=\"panel-grid panel-no-style\" ><div id=\"pgc-89-1-0\"  class=\"panel-grid-cell\" ><div id=\"panel-89-1-0-0\" class=\"so-panel widget widget_circleicon-widget panel-first-child panel-last-child\" data-index=\"1\" >\t\t<div class=\"circle-icon-box circle-icon-position-top circle-icon-hide-box circle-icon-size-medium \">\n\t\t\t\t\t\t\t<div class=\"circle-icon-wrapper\">\n\t\t\t\t\t\t\t\t\t\t<div class=\"circle-icon\" >\n\t\t\t\t\t\t\t\t\t\t\t\t\t<div class=\"fa fa-home\" style=\"color: #ffffff\"><\/div>\n\t\t\t\t\t\t\t\t\t\t\t<\/div> \n\t\t\t\t\t\t\t\t\t<\/div>\n\t\t\t\n\t\t\t\t\t\t\t\t\t\t<h4 >\n\t\t\t\t\tCentre m\u00e9dical Atlas\t\t\t\t<\/h4>\n\t\t\t\t\t\t\n\t\t\t\t\t\t\t<p class=\"text\" >27 avenue des Chevreuils 1340 Ottignies<\/p>\n\t\t\t\t\t\t\t\t<\/div>\n\t\t<\/div><\/div><div id=\"pgc-89-1-1\"  class=\"panel-grid-cell\" ><div id=\"panel-89-1-1-0\" class=\"so-panel widget widget_circleicon-widget panel-first-child panel-last-child\" data-index=\"2\" >\t\t<div class=\"circle-icon-box circle-icon-position-top circle-icon-hide-box circle-icon-size-medium \">\n\t\t\t\t\t\t\t<div class=\"circle-icon-wrapper\">\n\t\t\t\t\t\t\t\t\t\t<div class=\"circle-icon\" >\n\t\t\t\t\t\t\t\t\t\t\t\t\t<div class=\"fa fa-phone\" ><\/div>\n\t\t\t\t\t\t\t\t\t\t\t<\/div> \n\t\t\t\t\t\t\t\t\t<\/div>\n\t\t\t\n\t\t\t\t\t\t\t\t\t\t<h4 >\n\t\t\t\t\t0470\/03.03.73\t\t\t\t<\/h4>\n\t\t\t\t\t\t\n\t\t\t\t\t\t\t<p class=\"text\" >Pour les demandes urgentes ou les visites \u00e0 domicile uniquement.<\/p>\n\t\t\t\t\t\t\t\t<\/div>\n\t\t<\/div><\/div><div id=\"pgc-89-1-2\"  class=\"panel-grid-cell\" ><div id=\"panel-89-1-2-0\" class=\"so-panel widget widget_circleicon-widget panel-first-child panel-last-child\" data-index=\"3\" >\t\t<div class=\"circle-icon-box circle-icon-position-top circle-icon-hide-box circle-icon-size-medium \">\n\t\t\t\t\t\t\t<div class=\"circle-icon-wrapper\">\n\t\t\t\t\t\t\t\t\t\t<div class=\"circle-icon\" >\n\t\t\t\t\t\t\t\t\t\t\t\t\t<div class=\"fa fa-envelope\" ><\/div>\n\t\t\t\t\t\t\t\t\t\t\t<\/div> \n\t\t\t\t\t\t\t\t\t<\/div>\n\t\t\t\n\t\t\t\t\t\t\t\t\t\t<h4 >\n\t\t\t\t\tmail@violettedebaille.be\t\t\t\t<\/h4>\n\t\t\t\t\t\t\n\t\t\t\t\t\t\t<p class=\"text\" >Pour les demandes non urgentes et les renouvellements de prescriptions. Les prescriptions de kin\u00e9sith\u00e9rapie et les certificats d'aptitude sportive sont r\u00e9alis\u00e9s uniquement lors d'une consultation.<\/p>\n\t\t\t\t\t\t\t\t<\/div>\n\t\t<\/div><\/div><\/div><div id=\"pg-89-2\"  class=\"panel-grid panel-no-style\" ><div id=\"pgc-89-2-0\"  class=\"panel-grid-cell\" ><div id=\"panel-89-2-0-0\" class=\"so-panel widget widget_sow-editor panel-first-child panel-last-child\" data-index=\"4\" ><div class=\"panel-widget-style panel-widget-style-for-89-2-0-0\" ><div\n\t\t\t\n\t\t\tclass=\"so-widget-sow-editor so-widget-sow-editor-base\"\n\t\t\t\n\t\t>\n<div class=\"siteorigin-widget-tinymce textwidget\">\n\t<h2><strong>Je serai absente du 2\/01\/26 au 09\/01\/26 inclus. En cas d'urgence, veuillez contacter mon coll\u00e8gue Pierre Etesse au 0474\/20.92.22. Merci pour votre compr\u00e9hension.<\/strong><\/h2>\n<\/div>\n<\/div><\/div><\/div><\/div><\/div><div id=\"pg-89-3\"  class=\"panel-grid panel-no-style\" ><div id=\"pgc-89-3-0\"  class=\"panel-grid-cell\" ><div id=\"panel-89-3-0-0\" class=\"so-panel widget widget_sow-button panel-first-child panel-last-child\" data-index=\"5\" ><div\n\t\t\t\n\t\t\tclass=\"so-widget-sow-button so-widget-sow-button-flat-9b1c363edb7f-89\"\n\t\t\t\n\t\t><div class=\"ow-button-base ow-button-align-center\">\n\t<a\n\thref=\"http:\/\/vdebaille.mikrono.com\/\"\n\t\tclass=\"ow-icon-placement-top ow-button-hover\" target=\"_blank\" rel=\"noopener noreferrer\" \t>\n\t\t<span>\n\t\t\t<span class=\"sow-icon-fontawesome sow-far\" data-sow-icon=\"&#xf073;\"\n\t\t \n\t\taria-hidden=\"true\"><\/span>\n\t\t\tPrise de rendez-vous en ligne\t\t<\/span>\n\t<\/a>\n<\/div>\n<\/div><\/div><\/div><\/div><div id=\"pg-89-4\"  class=\"panel-grid panel-no-style\" ><div id=\"pgc-89-4-0\"  class=\"panel-grid-cell\" ><div id=\"panel-89-4-0-0\" class=\"so-panel widget widget_sow-editor panel-first-child panel-last-child\" data-index=\"6\" ><div class=\"panel-widget-style panel-widget-style-for-89-4-0-0\" ><div\n\t\t\t\n\t\t\tclass=\"so-widget-sow-editor so-widget-sow-editor-base\"\n\t\t\t\n\t\t>\n<div class=\"siteorigin-widget-tinymce textwidget\">\n\t<p style=\"text-align: center;\"><strong>Attention : Actuellement, afin de maintenir la qualit\u00e9 des soins, je ne peux me permettre d'accepter de nouveaux patients. Merci pour votre compr\u00e9hension.<\/strong><\/p>\n<div id=\"ConnectiveDocSignExtentionInstalled\" data-extension-version=\"1.0.4\"><\/div>\n<\/div>\n<\/div><\/div><\/div><\/div><\/div><div id=\"pg-89-5\"  class=\"panel-grid panel-no-style\" ><div id=\"pgc-89-5-0\"  class=\"panel-grid-cell\" ><div id=\"panel-89-5-0-0\" class=\"so-panel widget widget_sow-editor panel-first-child panel-last-child\" data-index=\"7\" ><div\n\t\t\t\n\t\t\tclass=\"so-widget-sow-editor so-widget-sow-editor-base\"\n\t\t\t\n\t\t>\n<div class=\"siteorigin-widget-tinymce textwidget\">\n\t<h1 style=\"text-align: center;\">Moyens de paiement<\/h1>\n<div id=\"ConnectiveDocSignExtentionInstalled\" data-extension-version=\"1.0.4\"><\/div>\n<\/div>\n<\/div><\/div><\/div><\/div><div id=\"pg-89-6\"  class=\"panel-grid panel-no-style\" ><div id=\"pgc-89-6-0\"  class=\"panel-grid-cell panel-grid-cell-empty\" ><\/div><div id=\"pgc-89-6-1\"  class=\"panel-grid-cell\" ><div id=\"panel-89-6-1-0\" class=\"so-panel widget widget_circleicon-widget panel-first-child panel-last-child\" data-index=\"8\" >\t\t<div class=\"circle-icon-box circle-icon-position-top circle-icon-hide-box circle-icon-size-medium \">\n\t\t\t\t\t\t\t<div class=\"circle-icon-wrapper\">\n\t\t\t\t\t\t\t\t\t\t<div class=\"circle-icon\" >\n\t\t\t\t\t\t\t\t\t\t\t\t\t<div class=\"fa fa-money\" ><\/div>\n\t\t\t\t\t\t\t\t\t\t\t<\/div> \n\t\t\t\t\t\t\t\t\t<\/div>\n\t\t\t\n\t\t\t\t\t\t\t\t\t\t<h4 >\n\t\t\t\t\tCash\t\t\t\t<\/h4>\n\t\t\t\t\t\t\n\t\t\t\t\t\t\t\t<\/div>\n\t\t<\/div><\/div><div id=\"pgc-89-6-2\"  class=\"panel-grid-cell panel-grid-cell-mobile-last\" ><div id=\"panel-89-6-2-0\" class=\"so-panel widget widget_circleicon-widget panel-first-child panel-last-child\" data-index=\"9\" >\t\t<div class=\"circle-icon-box circle-icon-position-top circle-icon-hide-box circle-icon-size-medium \">\n\t\t\t\t\t\t\t<div class=\"circle-icon-wrapper\">\n\t\t\t\t\t\t\t\t\t\t<div class=\"circle-icon\" >\n\t\t\t\t\t\t\t\t\t\t\t\t\t<div class=\"fa fa-qrcode\" ><\/div>\n\t\t\t\t\t\t\t\t\t\t\t<\/div> \n\t\t\t\t\t\t\t\t\t<\/div>\n\t\t\t\n\t\t\t\t\t\t\t\t\t\t<h4 >\n\t\t\t\t\tApplication bancaire\t\t\t\t<\/h4>\n\t\t\t\t\t\t\n\t\t\t\t\t\t\t\t<\/div>\n\t\t<\/div><\/div><div id=\"pgc-89-6-3\"  class=\"panel-grid-cell panel-grid-cell-empty\" ><\/div><\/div><div id=\"pg-89-7\"  class=\"panel-grid panel-no-style\" ><div id=\"pgc-89-7-0\"  class=\"panel-grid-cell\" ><div id=\"panel-89-7-0-0\" class=\"so-panel widget widget_sow-editor panel-first-child panel-last-child\" data-index=\"10\" ><div\n\t\t\t\n\t\t\tclass=\"so-widget-sow-editor so-widget-sow-editor-base\"\n\t\t\t\n\t\t>\n<div class=\"siteorigin-widget-tinymce textwidget\">\n\t<h1 style=\"text-align: center;\">M\u00e9decin de garde<\/h1>\n<div id=\"ConnectiveDocSignExtentionInstalled\" data-extension-version=\"1.0.4\"><\/div>\n<\/div>\n<\/div><\/div><\/div><\/div><div id=\"pg-89-8\"  class=\"panel-grid panel-no-style\" ><div id=\"pgc-89-8-0\"  class=\"panel-grid-cell\" ><div id=\"panel-89-8-0-0\" class=\"so-panel widget widget_circleicon-widget panel-first-child panel-last-child\" data-index=\"11\" >\t\t<div class=\"circle-icon-box circle-icon-position-top circle-icon-hide-box circle-icon-size-medium \">\n\t\t\t\t\t\t\t<div class=\"circle-icon-wrapper\">\n\t\t\t\t\t\t\t\t\t\t<div class=\"circle-icon\" >\n\t\t\t\t\t\t\t\t\t\t\t\t\t<div class=\"fa fa-medkit\" ><\/div>\n\t\t\t\t\t\t\t\t\t\t\t<\/div> \n\t\t\t\t\t\t\t\t\t<\/div>\n\t\t\t\n\t\t\t\t\t\t\t\t\t\t<h4 >\n\t\t\t\t\t1733\t\t\t\t<\/h4>\n\t\t\t\t\t\t\n\t\t\t\t\t\t\t<p class=\"text\" >Valable en semaine de 18h \u00e0 8h pour toute urgence ne pouvant attendre le lendemain ou le week-end du vendredi 18h au lundi 8h.<\/p>\n\t\t\t\t\t\t\t\t<\/div>\n\t\t<\/div><\/div><\/div><\/div>","protected":false},"excerpt":{"rendered":"<p>M\u00e9decine g\u00e9n\u00e9rale en Brabant wallon<\/p>\n","protected":false},"author":1,"featured_media":0,"parent":0,"menu_order":0,"comment_status":"closed","ping_status":"closed","template":"home-panels.php","meta":{"footnotes":""},"class_list":["post-89","page","type-page","status-publish","hentry","post"],"_links":{"self":[{"href":"https:\/\/violettedebaille.be\/index.php?rest_route=\/wp\/v2\/pages\/89","targetHints":{"allow":["GET"]}}],"collection":[{"href":"https:\/\/violettedebaille.be\/index.php?rest_route=\/wp\/v2\/pages"}],"about":[{"href":"https:\/\/violettedebaille.be\/index.php?rest_route=\/wp\/v2\/types\/page"}],"author":[{"embeddable":true,"href":"https:\/\/violettedebaille.be\/index.php?rest_route=\/wp\/v2\/users\/1"}],"replies":[{"embeddable":true,"href":"https:\/\/violettedebaille.be\/index.php?rest_route=%2Fwp%2Fv2%2Fcomments&post=89"}],"version-history":[{"count":83,"href":"https:\/\/violettedebaille.be\/index.php?rest_route=\/wp\/v2\/pages\/89\/revisions"}],"predecessor-version":[{"id":197,"href":"https:\/\/violettedebaille.be\/index.php?rest_route=\/wp\/v2\/pages\/89\/revisions\/197"}],"wp:attachment":[{"href":"https:\/\/violettedebaille.be\/index.php?rest_route=%2Fwp%2Fv2%2Fmedia&parent=89"}],"curies":[{"name":"wp","href":"https:\/\/api.w.org\/{rel}","templated":true}]}}